{"id":111580,"date":"2026-01-28T18:57:28","date_gmt":"2026-01-28T17:57:28","guid":{"rendered":"https:\/\/auto-kolor.com.pl\/?page_id=111580"},"modified":"2026-01-28T19:00:53","modified_gmt":"2026-01-28T18:00:53","slug":"polityka-prywatnosci","status":"publish","type":"page","link":"https:\/\/auto-kolor.com.pl\/?page_id=111580","title":{"rendered":"Polityka prywatno\u015bci"},"content":{"rendered":"<p>[et_pb_section fb_built=&#8221;1&#8243; theme_builder_area=&#8221;post_content&#8221; _builder_version=&#8221;4.27.4&#8243; _module_preset=&#8221;default&#8221;][et_pb_row _builder_version=&#8221;4.27.4&#8243; _module_preset=&#8221;default&#8221; theme_builder_area=&#8221;post_content&#8221;][et_pb_column _builder_version=&#8221;4.27.4&#8243; _module_preset=&#8221;default&#8221; type=&#8221;4_4&#8243; theme_builder_area=&#8221;post_content&#8221;][et_pb_heading title=&#8221;Polityka prywatno\u015bci&#8221; _builder_version=&#8221;4.27.4&#8243; _module_preset=&#8221;default&#8221; theme_builder_area=&#8221;post_content&#8221; title_text_align=&#8221;center&#8221; hover_enabled=&#8221;0&#8243; sticky_enabled=&#8221;0&#8243;][\/et_pb_heading][et_pb_text _builder_version=&#8221;4.27.4&#8243; _module_preset=&#8221;default&#8221; theme_builder_area=&#8221;post_content&#8221; hover_enabled=&#8221;0&#8243; sticky_enabled=&#8221;0&#8243;]<\/p>\n<h2><strong>RODO<\/strong><\/h2>\n<p>OG\u00d3LNA KLAUZULA INFORMACYJNA DLA KLIENT\u00d3W<\/p>\n<p><strong>Drogi Kliencie!<\/strong><\/p>\n<p>Dbamy o Twoj\u0105 prywatno\u015b\u0107 i chcemy, aby\u015b w czasie korzystania z naszych us\u0142ug czu\u0142 si\u0119 komfortowo. Dlatego te\u017c poni\u017cej prezentujemy Ci najwa\u017cniejsze informacje o zasadach przetwarzania przez nas Twoich danych osobowych. Informacje te zosta\u0142y przygotowane z uwzgl\u0119dnieniem RODO, czyli og\u00f3lnego rozporz\u0105dzenia o ochronie danych.<\/p>\n<p><strong>ADMINISTRATOR DANYCH OSOBOWYCH (\u201eAdministrator\u201d)<\/strong><\/p>\n<p>Administratorem Twoich danych osobowych jest:<\/p>\n<p class=\"et_pb_module_header\"><span>AUTO KOLOR Sp. z o.o.<br \/><\/span>05-530 G\u00f3ra Kalwaria<br \/>ul. Zakalwaria 11<\/p>\n<p>NIP 1231366227<\/p>\n<p><strong>DANE OSOBOWE I PRYWATNO\u015a\u0106<\/strong><\/p>\n<p>Je\u015bli zamierzasz zawrze\u0107 z nami umow\u0119, mo\u017cemy Ci\u0119 poprosi\u0107 o podanie nam Twoich danych osobowych.<\/p>\n<p><strong>Cel przetwarzania:<\/strong><\/p>\n<p>W zale\u017cno\u015bci od tego, na co si\u0119 zdecydujesz, mo\u017ce to by\u0107:<\/p>\n<ul>\n<li>zawarcie i realizacja umowy (np. umowy sprzeda\u017cy czy \u015bwiadczenia us\u0142ug),<\/li>\n<li>marketing bezpo\u015bredni (np. polegaj\u0105cy na telefonicznym informowaniu o ofertach Administratora),<\/li>\n<li>odpowied\u017a na zapytanie skierowane do naszej firmy<\/li>\n<li>finansowo-ksi\u0119gowych \u2013 przetwarzanie jest niezb\u0119dne do wykonania przepis\u00f3w prawa podatkowego,<\/li>\n<\/ul>\n<p>Mo\u017cemy tak\u017ce przetwarza\u0107 dane w celu badania Twojej satysfakcji z naszych us\u0142ug.<\/p>\n<p><strong>Podstawa przetwarzania danych:<\/strong><\/p>\n<ul>\n<li>umowa o \u015bwiadczenie us\u0142ug lub dzia\u0142ania podejmowane na Twoje \u017c\u0105danie przed jej zawarciem (art. 6 ust. 1 lit. b RODO),<\/li>\n<li>umowa sprzeda\u017cy \/ \u015bwiadczenia us\u0142ug lub dzia\u0142ania podejmowane na Twoje \u017c\u0105danie przed jej zawarciem (art. 6 ust. 1 lit. b RODO),<\/li>\n<li>ci\u0105\u017c\u0105cy na nas obowi\u0105zek prawny, np. zwi\u0105zany z rachunkowo\u015bci\u0105 (art. 6 ust. 1 lit. c RODO),<\/li>\n<li>Twoja zgoda (np. zgoda marketingowa) (art. 6 ust. 1 lit. a RODO),<\/li>\n<li>nasz prawnie uzasadniony interes, polegaj\u0105cy na przetwarzaniu danych w celu ustalenia, dochodzenia lub obrony ewentualnych roszcze\u0144 (art. 6 ust. 1 lit. f RODO),<\/li>\n<li>nasz prawnie uzasadniony interes, polegaj\u0105cy na przetwarzaniu danych w celu marketingu bezpo\u015bredniego (art. 6 ust. 1 lit. f RODO),<\/li>\n<li>nasz prawnie uzasadniony interes, polegaj\u0105cy na przetwarzaniu danych w celach analitycznych (np. poprzez badanie satysfakcji) (art. 6 ust. 1 lit. f RODO).<\/li>\n<\/ul>\n<p><strong>Podanie danych:<\/strong><\/p>\n<ul>\n<li>Dobrowolne, ale w niekt\u00f3rych przypadkach mo\u017ce by\u0107 konieczne do zawarcia umowy<\/li>\n<\/ul>\n<p><strong>Skutek niepodania danych:<\/strong><\/p>\n<p>W zale\u017cno\u015bci od celu, w jakim dane s\u0105 podawane:<\/p>\n<ul>\n<li>brak mo\u017cliwo\u015bci dokonania zakupu, wykonania us\u0142ugi<\/li>\n<li>brak mo\u017cliwo\u015bci korzystania z us\u0142ug oferowanych przez Administratora,<\/li>\n<li>brak mo\u017cliwo\u015bci otrzymywania informacji o promocjach lub ofertach specjalnych, oferowanych przez Administratora.<\/li>\n<li>brak mo\u017cliwo\u015bci wys\u0142ania odpowiedzi na zapytanie ofertowe<\/li>\n<\/ul>\n<p><strong>Mo\u017cliwo\u015b\u0107 cofni\u0119cia zgody:<\/strong><\/p>\n<ul>\n<li>w ka\u017cdej chwili<\/li>\n<\/ul>\n<p>Przetwarzanie danych do momentu cofni\u0119cia przez Ciebie zgody pozostaje zgodne z prawem.<\/p>\n<p><strong>PROFILOWANIE<\/strong><\/p>\n<p>W ramach naszej dzia\u0142alno\u015bci mo\u017cemy automatycznie dopasowywa\u0107 pewne tre\u015bci do Twoich potrzeb, tj. dokonywa\u0107 profilowania, wykorzystuj\u0105c do tego Twoje dane osobowe. W przypadku, gdyby profilowanie mog\u0142o skutkowa\u0107 podejmowaniem decyzji wywo\u0142uj\u0105cych wobec Ciebie skutki prawne lub wp\u0142ywaj\u0105cych na Ciebie w podobnie istotny spos\u00f3b, b\u0119dziemy je przeprowadza\u0107 tylko wtedy, gdy wyrazisz na to zgod\u0119.<\/p>\n<p><strong>OKRES PRZETWARZANIA<\/strong><\/p>\n<p>Twoje dane b\u0119dziemy przetwarza\u0107 tylko przez okres, w kt\u00f3rym b\u0119dziemy mie\u0107 ku temu podstaw\u0119 prawn\u0105, a wi\u0119c do momentu, w kt\u00f3rym:<\/p>\n<ul>\n<li>przestanie ci\u0105\u017cy\u0107 na nas obowi\u0105zek prawny, zobowi\u0105zuj\u0105cy nas do przetwarzania Twoich danych lub<\/li>\n<li>ustanie mo\u017cliwo\u015b\u0107 dochodzenia roszcze\u0144 zwi\u0105zanych z zawart\u0105 umow\u0105 przez strony lub<\/li>\n<li>cofniesz zgod\u0119 na przetwarzanie danych, je\u015bli to ona by\u0142a jego podstaw\u0105<\/li>\n<\/ul>\n<p>\u2013 w zale\u017cno\u015bci od tego, co ma zastosowanie w danym przypadku i co nast\u0105pi najp\u00f3\u017aniej.<\/p>\n<p><strong>BEZPIECZE\u0143STWO DANYCH<\/strong><\/p>\n<p>Przetwarzaj\u0105c Twoje dane osobowe stosujemy \u015brodki organizacyjne i techniczne zgodne z w\u0142a\u015bciwymi przepisami prawa.<\/p>\n<p><strong>TWOJE UPRAWNIENIA<\/strong><\/p>\n<p>Przys\u0142uguje Ci prawo \u017c\u0105dania:<\/p>\n<ul>\n<li>dost\u0119pu do Twoich danych osobowych,<\/li>\n<li>ich sprostowania,<\/li>\n<li>usuni\u0119cia,<\/li>\n<li>ograniczenia przetwarzania,<\/li>\n<li>\u017c\u0105dania przeniesienia danych do innego administratora.<\/li>\n<\/ul>\n<p>A tak\u017ce prawo wniesienia sprzeciwu wobec przetwarzania:<\/p>\n<ul>\n<li>z przyczyn zwi\u0105zanych z Twoj\u0105 szczeg\u00f3ln\u0105 sytuacj\u0105 \u2013 wobec przetwarzania dotycz\u0105cych Ciebie danych osobowych, opartego na art. 6 ust. 1 lit. f RODO (tj. na prawnie uzasadnionych interesach realizowanych przez administratora), w tym profilowania na podstawie tych przepis\u00f3w,<\/li>\n<li>je\u017celi dane osobowe s\u0105 przetwarzane na potrzeby marketingu bezpo\u015bredniego, w tym profilowania, w zakresie, w jakim przetwarzanie jest zwi\u0105zane z takim marketingiem bezpo\u015brednim.<\/li>\n<\/ul>\n<p>Skontaktuj si\u0119 z nami, je\u015bli chcesz skorzysta\u0107 ze swoich praw.<\/p>\n<p><strong>US\u0141UGI ZEWN\u0118TRZNE \/ ODBIORCY DANYCH<\/strong><\/p>\n<p>Korzystamy z us\u0142ug podmiot\u00f3w zewn\u0119trznych, kt\u00f3rym mog\u0105 by\u0107 przekazywane Twoje dane. Poni\u017cej znajduje si\u0119 lista kategorii odbiorc\u00f3w Twoich danych:<\/p>\n<ul>\n<li>osoby wsp\u00f3\u0142pracuj\u0105ce z nami na podstawie um\u00f3w cywilnoprawnych, wspieraj\u0105ce nasz\u0105 bie\u017c\u0105c\u0105 dzia\u0142alno\u015b\u0107;<\/li>\n<li>dostawca us\u0142ugi hostingu;<\/li>\n<li>podmiot realizuj\u0105cy dostaw\u0119 towar\u00f3w;<\/li>\n<li>dostawcy p\u0142atno\u015bci, banki, instytucje finansowe;<\/li>\n<li>podmiot zapewniaj\u0105cy us\u0142ug\u0105 poczty elektronicznej;<\/li>\n<li>organy publiczne \u2013 w zakresie, w jakim Administrator jest obowi\u0105zany udost\u0119pnia\u0107 dane<\/li>\n<\/ul>\n<p><strong>KONTAKT Z ADMINISTRATOREM<\/strong><\/p>\n<p>Chcesz skorzysta\u0107 ze swoich uprawnie\u0144 dotycz\u0105cych danych osobowych?<br \/>A mo\u017ce po prostu chcesz zapyta\u0107 o co\u015b zwi\u0105zanego z przetwarzaniem przez nas Twoich danych? Napisz na adres e-mail: <a href=\"mailto:autokolor@onet.pl\">autokolor@onet.pl<\/a>\u00a0<\/p>\n<p>&nbsp;<\/p>\n<h2><strong>Cookies<\/strong><\/h2>\n<p>Pliki cookies zwane tak\u017ce &#8222;ciasteczkami&#8221; s\u0105 to pliki tekstowe zapisywane i przechowywane w pami\u0119ci urz\u0105dzenia wykorzystywanego do przegl\u0105dania stron internetowych (np. komputer PC, notebook, tablet, palmtop, telefon kom\u00f3rkowy). Z plikami tymi, po ich zapisaniu, \u0142\u0105czy si\u0119 serwer albo serwery uzyskuj\u0105c do nich odpowiedni dost\u0119p.<\/p>\n<p>Niniejsza strona internetowa oraz jej podstrony korzystaj\u0105 z plik\u00f3w cookies wy\u0142\u0105cznie w celach statystycznych.<\/p>\n<p>Poprzez zmian\u0119 ustawie\u0144 oprogramowania wykorzystywanego do przegl\u0105dania niniejszej strony internetowej i jej podstron, istnieje mo\u017cliwo\u015b\u0107 okre\u015blenia warunk\u00f3w przechowywania oraz warunk\u00f3w uzyskiwania dost\u0119pu do plik\u00f3w cookies wykorzystywanych przez t\u0119 stron\u0119 i jej podstrony, w szczeg\u00f3lno\u015bci mo\u017cliwo\u015b\u0107 ca\u0142kowitego wy\u0142\u0105czenia ich obs\u0142ugi.<\/p>\n<p>W celu zmiany ustawie\u0144 zwi\u0105zanych z obs\u0142ug\u0105 plik\u00f3w cookies nale\u017cy odpowiednio skonfigurowa\u0107 oprogramowanie wykorzystywane do przegl\u0105dania niniejszej strony internetowej i jej podstron. Stosowne informacje w tym zakresie mo\u017cna uzyska\u0107 korzystaj\u0105c z pomocy technicznej dla takiego oprogramowania lub kontaktuj\u0105c si\u0119 z jego dostawc\u0105.<\/p>\n<p>Brak zmiany ustawie\u0144 oprogramowania wykorzystywanego do przegl\u0105dania niniejszej strony internetowej i jej podstron, stanowi w my\u015bl art. 173 ust. 2 Ustawy prawo telekomunikacyjne wyra\u017cenie zgody na korzystanie przez t\u0119 stron\u0119 i jej podstrony z plik\u00f3w cookies w celach wy\u017cej okre\u015blonych.<\/p>\n<p>[\/et_pb_text][\/et_pb_column][\/et_pb_row][\/et_pb_section]<\/p>\n","protected":false},"excerpt":{"rendered":"<p>RODO OG\u00d3LNA KLAUZULA INFORMACYJNA DLA KLIENT\u00d3W Drogi Kliencie! Dbamy o Twoj\u0105 prywatno\u015b\u0107 i chcemy, aby\u015b w czasie korzystania z naszych us\u0142ug czu\u0142 si\u0119 komfortowo. Dlatego te\u017c poni\u017cej prezentujemy Ci najwa\u017cniejsze informacje o zasadach przetwarzania przez nas Twoich danych osobowych. Informacje te zosta\u0142y przygotowane z uwzgl\u0119dnieniem RODO, czyli og\u00f3lnego rozporz\u0105dzenia o ochronie danych. ADMINISTRATOR DANYCH OSOBOWYCH [&hellip;]<\/p>\n","protected":false},"author":1,"featured_media":0,"parent":0,"menu_order":0,"comment_status":"closed","ping_status":"closed","template":"","meta":{"_et_pb_use_builder":"on","_et_pb_old_content":"","_et_gb_content_width":"","footnotes":""},"class_list":["post-111580","page","type-page","status-publish","hentry"],"_links":{"self":[{"href":"https:\/\/auto-kolor.com.pl\/index.php?rest_route=\/wp\/v2\/pages\/111580","targetHints":{"allow":["GET"]}}],"collection":[{"href":"https:\/\/auto-kolor.com.pl\/index.php?rest_route=\/wp\/v2\/pages"}],"about":[{"href":"https:\/\/auto-kolor.com.pl\/index.php?rest_route=\/wp\/v2\/types\/page"}],"author":[{"embeddable":true,"href":"https:\/\/auto-kolor.com.pl\/index.php?rest_route=\/wp\/v2\/users\/1"}],"replies":[{"embeddable":true,"href":"https:\/\/auto-kolor.com.pl\/index.php?rest_route=%2Fwp%2Fv2%2Fcomments&post=111580"}],"version-history":[{"count":2,"href":"https:\/\/auto-kolor.com.pl\/index.php?rest_route=\/wp\/v2\/pages\/111580\/revisions"}],"predecessor-version":[{"id":111583,"href":"https:\/\/auto-kolor.com.pl\/index.php?rest_route=\/wp\/v2\/pages\/111580\/revisions\/111583"}],"wp:attachment":[{"href":"https:\/\/auto-kolor.com.pl\/index.php?rest_route=%2Fwp%2Fv2%2Fmedia&parent=111580"}],"curies":[{"name":"wp","href":"https:\/\/api.w.org\/{rel}","templated":true}]}}