{"id":111519,"date":"2026-01-27T18:29:22","date_gmt":"2026-01-27T17:29:22","guid":{"rendered":"https:\/\/auto-kolor.com.pl\/?page_id=111519"},"modified":"2026-02-03T19:35:34","modified_gmt":"2026-02-03T18:35:34","slug":"oferta","status":"publish","type":"page","link":"https:\/\/auto-kolor.com.pl\/?page_id=111519","title":{"rendered":"Oferta"},"content":{"rendered":"<p>[et_pb_section fb_built=&#8221;1&#8243; fullwidth=&#8221;on&#8221; _builder_version=&#8221;4.27.4&#8243; _module_preset=&#8221;default&#8221; global_colors_info=&#8221;{}&#8221;][et_pb_fullwidth_header title=&#8221;Oferta&#8221; text_orientation=&#8221;center&#8221; background_overlay_color=&#8221;rgba(12,113,195,0.77)&#8221; _builder_version=&#8221;4.27.4&#8243; _module_preset=&#8221;default&#8221; title_font=&#8221;|800|||||||&#8221; title_font_size=&#8221;50px&#8221; background_image=&#8221;https:\/\/auto-kolor.com.pl\/wp-content\/uploads\/2026\/01\/iStock-2193108878.jpg&#8221; custom_padding=&#8221;120px||100px|||&#8221; global_colors_info=&#8221;{}&#8221;][\/et_pb_fullwidth_header][\/et_pb_section][et_pb_section fb_built=&#8221;1&#8243; _builder_version=&#8221;4.27.4&#8243; _module_preset=&#8221;default&#8221; background_color=&#8221;#FFFFFF&#8221; global_colors_info=&#8221;{}&#8221;][et_pb_row _builder_version=&#8221;4.27.4&#8243; _module_preset=&#8221;default&#8221; global_colors_info=&#8221;{}&#8221;][et_pb_column type=&#8221;4_4&#8243; _builder_version=&#8221;4.27.4&#8243; _module_preset=&#8221;default&#8221; global_colors_info=&#8221;{}&#8221;][et_pb_heading title=&#8221;Blacharstwo i lakiernictwo G\u00f3ra Kalwaria&#8221; _builder_version=&#8221;4.27.4&#8243; _module_preset=&#8221;default&#8221; title_level=&#8221;h2&#8243; title_font=&#8221;|800||on|||||&#8221; title_text_align=&#8221;center&#8221; title_text_color=&#8221;#0C71C3&#8243; global_colors_info=&#8221;{}&#8221;][\/et_pb_heading][\/et_pb_column][\/et_pb_row][et_pb_row column_structure=&#8221;1_2,1_2&#8243; _builder_version=&#8221;4.27.4&#8243; _module_preset=&#8221;default&#8221; global_colors_info=&#8221;{}&#8221;][et_pb_column type=&#8221;1_2&#8243; _builder_version=&#8221;4.27.4&#8243; _module_preset=&#8221;default&#8221; global_colors_info=&#8221;{}&#8221;][et_pb_heading title=&#8221;Blacharstwo&#8221; _builder_version=&#8221;4.27.4&#8243; _module_preset=&#8221;default&#8221; title_level=&#8221;h3&#8243; title_font=&#8221;|700|||||||&#8221; title_text_align=&#8221;center&#8221; global_colors_info=&#8221;{}&#8221;][\/et_pb_heading][et_pb_text _builder_version=&#8221;4.27.4&#8243; _module_preset=&#8221;default&#8221; hover_enabled=&#8221;0&#8243; global_colors_info=&#8221;{}&#8221; sticky_enabled=&#8221;0&#8243;]<\/p>\n<p>Dzia\u0142 blacharski wyposa\u017cony jest we wszystkie urz\u0105dzenia niezb\u0119dne do naprawy karoserii pojazd\u00f3w zgodnie z zaleceniami producenta.\u00a0Posiadamy profesjonaln\u0105 ram\u0119 naprawcz\u0105, zestaw do napraw panelowych, plazm\u0119 do ci\u0119cia karoserii, zgrzewark\u0119 inwertorow\u0105 firmy GYS SPOT- dzi\u0119ki kt\u00f3rej mo\u017cemy wykonywa\u0107 po\u0142\u0105czenia blach identyczne z oryginalnymi, lutospawark\u0119 firmy GYS SPOT- przy u\u017cyciu kt\u00f3rej mo\u017cemy \u0142\u0105czy\u0107 nowoczesne karoserie aut z blach o podniesionej wytrzyma\u0142o\u015bci.<\/p>\n<ul>\n<li>Naprawiamy uszkodzone karoserie aluminiowe,<\/li>\n<li>Posiadamy zestaw do napraw element\u00f3w z tworzywa sztucznego takie jak zderzaki, mocowanie lamp,<\/li>\n<\/ul>\n<p>[\/et_pb_text][\/et_pb_column][et_pb_column type=&#8221;1_2&#8243; _builder_version=&#8221;4.27.4&#8243; _module_preset=&#8221;default&#8221; global_colors_info=&#8221;{}&#8221;][et_pb_heading title=&#8221;Lakiernictwo&#8221; _builder_version=&#8221;4.27.4&#8243; _module_preset=&#8221;default&#8221; title_level=&#8221;h3&#8243; title_font=&#8221;|700|||||||&#8221; title_text_align=&#8221;center&#8221; global_colors_info=&#8221;{}&#8221;][\/et_pb_heading][et_pb_text _builder_version=&#8221;4.27.4&#8243; _module_preset=&#8221;default&#8221; global_colors_info=&#8221;{}&#8221;]<\/p>\n<p>W celu wykonywania us\u0142ug lakierniczych na najwy\u017cszym poziomie, nasz serwis wyposa\u017cony jest w bezpy\u0142ow\u0105 kabin\u0119 lakiernicz\u0105 firmy Omia oraz stref\u0119 przygotowawcz\u0105.<br \/>Dodatkowo posiadamy w\u0142asny mieszalnik z komputerowym dobieraniem koloru do Pa\u0144stwa samochodu.<br \/>Posiadamy:<\/p>\n<ul>\n<li>promienniki podczerwieni,<\/li>\n<li>pistolety lakiernicze firmy SATA,<\/li>\n<li>szlifierki odsysacze firmy Dynabrade,<\/li>\n<li>zestawy do polerowania firmy Rupes.<\/li>\n<\/ul>\n<p>[\/et_pb_text][\/et_pb_column][\/et_pb_row][et_pb_row column_structure=&#8221;1_2,1_2&#8243; _builder_version=&#8221;4.27.4&#8243; _module_preset=&#8221;default&#8221; global_colors_info=&#8221;{}&#8221;][et_pb_column type=&#8221;1_2&#8243; _builder_version=&#8221;4.27.4&#8243; _module_preset=&#8221;default&#8221; global_colors_info=&#8221;{}&#8221;][et_pb_image src=&#8221;https:\/\/auto-kolor.com.pl\/wp-content\/uploads\/2026\/01\/etap2.jpg&#8221; alt=&#8221;lakierowanie samochod\u00f3w G\u00f3ra Kalwaria&#8221; title_text=&#8221;lakierowanie samochod\u00f3w G\u00f3ra Kalwaria&#8221; show_in_lightbox=&#8221;on&#8221; align=&#8221;center&#8221; _builder_version=&#8221;4.27.4&#8243; _module_preset=&#8221;default&#8221; border_radii=&#8221;on|20px|20px|20px|20px&#8221; border_width_all=&#8221;2px&#8221; border_color_all=&#8221;rgba(0,0,0,0.06)&#8221; global_colors_info=&#8221;{}&#8221;][\/et_pb_image][\/et_pb_column][et_pb_column type=&#8221;1_2&#8243; _builder_version=&#8221;4.27.4&#8243; _module_preset=&#8221;default&#8221; global_colors_info=&#8221;{}&#8221;][et_pb_image src=&#8221;https:\/\/auto-kolor.com.pl\/wp-content\/uploads\/2026\/01\/lakiernictwo2.jpg&#8221; alt=&#8221;lakierowanie samochod\u00f3w G\u00f3ra Kalwaria&#8221; title_text=&#8221;lakiernictwo2&#8243; show_in_lightbox=&#8221;on&#8221; force_fullwidth=&#8221;on&#8221; _builder_version=&#8221;4.27.4&#8243; _module_preset=&#8221;default&#8221; border_radii=&#8221;on|20px|20px|20px|20px&#8221; border_width_all=&#8221;2px&#8221; border_color_all=&#8221;rgba(0,0,0,0.06)&#8221; global_colors_info=&#8221;{}&#8221;][\/et_pb_image][\/et_pb_column][\/et_pb_row][\/et_pb_section][et_pb_section fb_built=&#8221;1&#8243; _builder_version=&#8221;4.27.4&#8243; _module_preset=&#8221;default&#8221; global_colors_info=&#8221;{}&#8221;][et_pb_row _builder_version=&#8221;4.27.4&#8243; _module_preset=&#8221;default&#8221; global_colors_info=&#8221;{}&#8221;][et_pb_column type=&#8221;4_4&#8243; _builder_version=&#8221;4.27.4&#8243; _module_preset=&#8221;default&#8221; global_colors_info=&#8221;{}&#8221;][et_pb_heading title=&#8221;Likwidacja Szk\u00f3d Komunikacyjnych G\u00f3ra Kalwaria&#8221; _builder_version=&#8221;4.27.4&#8243; _module_preset=&#8221;default&#8221; title_level=&#8221;h2&#8243; title_font=&#8221;|800||on|||||&#8221; title_text_align=&#8221;center&#8221; title_text_color=&#8221;#0C71C3&#8243; global_colors_info=&#8221;{}&#8221;][\/et_pb_heading][et_pb_text _builder_version=&#8221;4.27.4&#8243; _module_preset=&#8221;default&#8221; global_colors_info=&#8221;{}&#8221;]<\/p>\n<p>Oferujemy naszym klientom pe\u0142n\u0105 obs\u0142ug\u0119 szk\u00f3d komunikacyjnych likwidowanych w ka\u017cdym zak\u0142adzie ubezpiecze\u0144. W trudnych i stresuj\u0105cych sytuacjach zwi\u0105zanych z uszkodzeniem samochodu s\u0142u\u017cymy Pa\u0144stwu naszym do\u015bwiadczeniem oraz pomoc\u0105.<\/p>\n<p>Zajmujemy si\u0119 szkod\u0105 na ka\u017cdym etapie, od zg\u0142oszenia poprzez kontakt z zak\u0142adem ubezpiecze\u0144, ogl\u0119dziny, napraw\u0119 na rozliczeniu ko\u0144cz\u0105c.<br \/><strong>Naprawiamy szkody z OC i AC wszystkich zak\u0142ad\u00f3w ubezpiecze\u0144.<\/strong><\/p>\n<p>[\/et_pb_text][\/et_pb_column][\/et_pb_row][et_pb_row column_structure=&#8221;1_5,1_5,1_5,1_5,1_5&#8243; _builder_version=&#8221;4.27.4&#8243; _module_preset=&#8221;default&#8221; custom_padding=&#8221;11px|||||&#8221; global_colors_info=&#8221;{}&#8221;][et_pb_column type=&#8221;1_5&#8243; _builder_version=&#8221;4.27.4&#8243; _module_preset=&#8221;default&#8221; global_colors_info=&#8221;{}&#8221;][et_pb_image src=&#8221;https:\/\/auto-kolor.com.pl\/wp-content\/uploads\/2026\/01\/logo-pzu.png&#8221; title_text=&#8221;logo-pzu&#8221; _builder_version=&#8221;4.27.4&#8243; _module_preset=&#8221;default&#8221; global_colors_info=&#8221;{}&#8221;][\/et_pb_image][\/et_pb_column][et_pb_column type=&#8221;1_5&#8243; _builder_version=&#8221;4.27.4&#8243; _module_preset=&#8221;default&#8221; global_colors_info=&#8221;{}&#8221;][et_pb_image src=&#8221;https:\/\/auto-kolor.com.pl\/wp-content\/uploads\/2026\/01\/logo-ergo-hestia.png&#8221; title_text=&#8221;logo-ergo-hestia&#8221; _builder_version=&#8221;4.27.4&#8243; _module_preset=&#8221;default&#8221; global_colors_info=&#8221;{}&#8221;][\/et_pb_image][\/et_pb_column][et_pb_column type=&#8221;1_5&#8243; _builder_version=&#8221;4.27.4&#8243; _module_preset=&#8221;default&#8221; global_colors_info=&#8221;{}&#8221;][et_pb_image src=&#8221;https:\/\/auto-kolor.com.pl\/wp-content\/uploads\/2026\/01\/logo-warta.png&#8221; title_text=&#8221;logo-warta&#8221; _builder_version=&#8221;4.27.4&#8243; _module_preset=&#8221;default&#8221; global_colors_info=&#8221;{}&#8221;][\/et_pb_image][\/et_pb_column][et_pb_column type=&#8221;1_5&#8243; _builder_version=&#8221;4.27.4&#8243; _module_preset=&#8221;default&#8221; global_colors_info=&#8221;{}&#8221;][et_pb_image src=&#8221;https:\/\/auto-kolor.com.pl\/wp-content\/uploads\/2026\/01\/logo_alianz.png&#8221; _builder_version=&#8221;4.27.4&#8243; _module_preset=&#8221;default&#8221; global_colors_info=&#8221;{}&#8221;][\/et_pb_image][\/et_pb_column][et_pb_column type=&#8221;1_5&#8243; _builder_version=&#8221;4.27.4&#8243; _module_preset=&#8221;default&#8221; global_colors_info=&#8221;{}&#8221;][et_pb_image src=&#8221;https:\/\/auto-kolor.com.pl\/wp-content\/uploads\/2026\/01\/logo-generali.png&#8221; title_text=&#8221;logo-generali&#8221; _builder_version=&#8221;4.27.4&#8243; _module_preset=&#8221;default&#8221; global_colors_info=&#8221;{}&#8221;][\/et_pb_image][\/et_pb_column][\/et_pb_row][et_pb_row column_structure=&#8221;1_5,1_5,1_5,1_5,1_5&#8243; _builder_version=&#8221;4.27.4&#8243; _module_preset=&#8221;default&#8221; custom_padding=&#8221;11px|||||&#8221; global_colors_info=&#8221;{}&#8221;][et_pb_column type=&#8221;1_5&#8243; _builder_version=&#8221;4.27.4&#8243; _module_preset=&#8221;default&#8221; global_colors_info=&#8221;{}&#8221;][et_pb_image src=&#8221;https:\/\/auto-kolor.com.pl\/wp-content\/uploads\/2026\/01\/logo-link4.png&#8221; title_text=&#8221;logo-link4&#8243; _builder_version=&#8221;4.27.4&#8243; _module_preset=&#8221;default&#8221; global_colors_info=&#8221;{}&#8221;][\/et_pb_image][\/et_pb_column][et_pb_column type=&#8221;1_5&#8243; _builder_version=&#8221;4.27.4&#8243; _module_preset=&#8221;default&#8221; global_colors_info=&#8221;{}&#8221;][et_pb_image src=&#8221;https:\/\/auto-kolor.com.pl\/wp-content\/uploads\/2026\/01\/logo-uniqua.png&#8221; title_text=&#8221;logo-uniqua&#8221; _builder_version=&#8221;4.27.4&#8243; _module_preset=&#8221;default&#8221; global_colors_info=&#8221;{}&#8221;][\/et_pb_image][\/et_pb_column][et_pb_column type=&#8221;1_5&#8243; _builder_version=&#8221;4.27.4&#8243; _module_preset=&#8221;default&#8221; global_colors_info=&#8221;{}&#8221;][et_pb_image src=&#8221;https:\/\/auto-kolor.com.pl\/wp-content\/uploads\/2026\/01\/logo_compensa.png&#8221; alt=&#8221;Compensa&#8221; title_text=&#8221;logo_compensa&#8221; _builder_version=&#8221;4.27.4&#8243; _module_preset=&#8221;default&#8221; global_colors_info=&#8221;{}&#8221;][\/et_pb_image][\/et_pb_column][et_pb_column type=&#8221;1_5&#8243; _builder_version=&#8221;4.27.4&#8243; _module_preset=&#8221;default&#8221; global_colors_info=&#8221;{}&#8221;][et_pb_image src=&#8221;https:\/\/auto-kolor.com.pl\/wp-content\/uploads\/2026\/01\/logo-balcia.png&#8221; title_text=&#8221;logo-balcia&#8221; _builder_version=&#8221;4.27.4&#8243; _module_preset=&#8221;default&#8221; global_colors_info=&#8221;{}&#8221;][\/et_pb_image][\/et_pb_column][et_pb_column type=&#8221;1_5&#8243; _builder_version=&#8221;4.27.4&#8243; _module_preset=&#8221;default&#8221; global_colors_info=&#8221;{}&#8221;][et_pb_image src=&#8221;https:\/\/auto-kolor.com.pl\/wp-content\/uploads\/2026\/01\/logo-tuz.png&#8221; title_text=&#8221;logo-tuz&#8221; _builder_version=&#8221;4.27.4&#8243; _module_preset=&#8221;default&#8221; global_colors_info=&#8221;{}&#8221;][\/et_pb_image][\/et_pb_column][\/et_pb_row][\/et_pb_section][et_pb_section fb_built=&#8221;1&#8243; _builder_version=&#8221;4.27.4&#8243; _module_preset=&#8221;default&#8221; global_colors_info=&#8221;{}&#8221;][et_pb_row _builder_version=&#8221;4.27.4&#8243; _module_preset=&#8221;default&#8221; global_colors_info=&#8221;{}&#8221;][et_pb_column type=&#8221;4_4&#8243; _builder_version=&#8221;4.27.4&#8243; _module_preset=&#8221;default&#8221; global_colors_info=&#8221;{}&#8221;][et_pb_heading title=&#8221;Naprawy PDR G\u00f3ra Kalwaria&#8221; _builder_version=&#8221;4.27.4&#8243; _module_preset=&#8221;default&#8221; title_level=&#8221;h2&#8243; title_font=&#8221;|800||on|||||&#8221; title_text_align=&#8221;center&#8221; title_text_color=&#8221;#0C71C3&#8243; global_colors_info=&#8221;{}&#8221;][\/et_pb_heading][et_pb_text _builder_version=&#8221;4.27.4&#8243; _module_preset=&#8221;default&#8221; global_colors_info=&#8221;{}&#8221;]<\/p>\n<p>Oferujemy nowoczesn\u0105 metod\u0119 naprawy uszkodze\u0144 PDR (Paintless dent repair). Polega ona na naprawie uszkodze\u0144 powierzchni bez uszkodzenia pow\u0142oki lakierowanej. Bardzo dobrze sprawdza si\u0119 przy naprawie uszkodze\u0144 po gradobiciu lub uszkodze\u0144 ,,parkingowych&#8221;.<\/p>\n<p>Wykonujemy naprawy metod\u0105 masowania blachy jak i metod\u0105 klejow\u0105.<\/p>\n<h3>Zalety naprawy PDR<\/h3>\n<ul>\n<li>kr\u00f3tszy czas wykonania naprawy,<\/li>\n<li>zachowanie oryginalnego lakieru.<\/li>\n<\/ul>\n<p>Nie ka\u017cdy rodzaj uszkodzenia kwalifikuje si\u0119 do tego rodzaju naprawy. W celu oceny mo\u017cliwo\u015bci naprawy metod\u0105 PDR zapraszamy do serwisu na bezp\u0142atne ogl\u0119dziny.<\/p>\n<p>[\/et_pb_text][\/et_pb_column][\/et_pb_row][et_pb_row _builder_version=&#8221;4.27.4&#8243; _module_preset=&#8221;default&#8221; custom_padding=&#8221;11px|||||&#8221; global_colors_info=&#8221;{}&#8221;][et_pb_column type=&#8221;4_4&#8243; _builder_version=&#8221;4.27.4&#8243; _module_preset=&#8221;default&#8221; global_colors_info=&#8221;{}&#8221;][et_pb_image src=&#8221;https:\/\/auto-kolor.com.pl\/wp-content\/uploads\/2026\/01\/iStock-2152765068.jpg&#8221; alt=&#8221;Holowanie G\u00f3ra Kalwaria&#8221; title_text=&#8221;paintless car dent repair tool. man fixing vehicle door with PDR technology&#8221; show_in_lightbox=&#8221;on&#8221; align=&#8221;center&#8221; _builder_version=&#8221;4.27.4&#8243; _module_preset=&#8221;default&#8221; border_radii=&#8221;on|20px|20px|20px|20px&#8221; border_width_all=&#8221;2px&#8221; border_color_all=&#8221;rgba(0,0,0,0.06)&#8221; global_colors_info=&#8221;{}&#8221;][\/et_pb_image][\/et_pb_column][\/et_pb_row][\/et_pb_section]<\/p>\n","protected":false},"excerpt":{"rendered":"<p>Dzia\u0142 blacharski wyposa\u017cony jest we wszystkie urz\u0105dzenia niezb\u0119dne do naprawy karoserii pojazd\u00f3w zgodnie z zaleceniami producenta.\u00a0Posiadamy profesjonaln\u0105 ram\u0119 naprawcz\u0105, zestaw do napraw panelowych, plazm\u0119 do ci\u0119cia karoserii, zgrzewark\u0119 inwertorow\u0105 firmy GYS SPOT- dzi\u0119ki kt\u00f3rej mo\u017cemy wykonywa\u0107 po\u0142\u0105czenia blach identyczne z oryginalnymi, lutospawark\u0119 firmy GYS SPOT- przy u\u017cyciu kt\u00f3rej mo\u017cemy \u0142\u0105czy\u0107 nowoczesne karoserie aut z blach [&hellip;]<\/p>\n","protected":false},"author":1,"featured_media":0,"parent":0,"menu_order":0,"comment_status":"closed","ping_status":"closed","template":"","meta":{"_et_pb_use_builder":"on","_et_pb_old_content":"","_et_gb_content_width":"","footnotes":""},"class_list":["post-111519","page","type-page","status-publish","hentry"],"_links":{"self":[{"href":"https:\/\/auto-kolor.com.pl\/index.php?rest_route=\/wp\/v2\/pages\/111519","targetHints":{"allow":["GET"]}}],"collection":[{"href":"https:\/\/auto-kolor.com.pl\/index.php?rest_route=\/wp\/v2\/pages"}],"about":[{"href":"https:\/\/auto-kolor.com.pl\/index.php?rest_route=\/wp\/v2\/types\/page"}],"author":[{"embeddable":true,"href":"https:\/\/auto-kolor.com.pl\/index.php?rest_route=\/wp\/v2\/users\/1"}],"replies":[{"embeddable":true,"href":"https:\/\/auto-kolor.com.pl\/index.php?rest_route=%2Fwp%2Fv2%2Fcomments&post=111519"}],"version-history":[{"count":12,"href":"https:\/\/auto-kolor.com.pl\/index.php?rest_route=\/wp\/v2\/pages\/111519\/revisions"}],"predecessor-version":[{"id":111620,"href":"https:\/\/auto-kolor.com.pl\/index.php?rest_route=\/wp\/v2\/pages\/111519\/revisions\/111620"}],"wp:attachment":[{"href":"https:\/\/auto-kolor.com.pl\/index.php?rest_route=%2Fwp%2Fv2%2Fmedia&parent=111519"}],"curies":[{"name":"wp","href":"https:\/\/api.w.org\/{rel}","templated":true}]}}